{"id":38,"date":"2025-10-23T18:38:30","date_gmt":"2025-10-23T18:38:30","guid":{"rendered":"https:\/\/teketancheite.com\/?page_id=38"},"modified":"2025-11-14T03:23:26","modified_gmt":"2025-11-14T03:23:26","slug":"mentions-legales","status":"publish","type":"page","link":"https:\/\/teketancheite.com\/en\/mentions-legales\/","title":{"rendered":"Legal notice"},"content":{"rendered":"<h2 class=\"wp-block-heading\"><strong>1. General information<\/strong><\/h2>\n\n\n\n<p class=\"translation-block\">The website <strong><a href=\"https:\/\/teketancheite.com\/en\/\" target=\"_self\">https:\/\/teketancheite.com\n<\/a><\/strong> is published by:<\/p>\n\n\n\n<p><strong>TEK ETANCHEITE<\/strong><br>SARL au capital de 140 000,00 \u20ac<br>Si\u00e8ge social : 54 Avenue Victor Hugo, 94600 Choisy-le-Roi, France<br>T\u00e9l\u00e9phone : 07 43 50  78 19<br>Email : <a href=\"mailto:bureauetudes.tek@gmail.com\">bureauetudes.tek@gmail.com<\/a><\/p>\n\n\n\n<p><strong>Directeur de la publication :<\/strong> HCA<br><strong>Responsable de la r\u00e9daction :<\/strong> HCA<\/p>\n\n\n\n<h2 class=\"wp-block-heading\"><strong>2. Hosting<\/strong><\/h2>\n\n\n\n<p>The website is hosted by:<\/p>\n\n\n\n<p class=\"translation-block\"><strong>Hostinger International Ltd.<\/strong><br>Address: 61 Lordou Vironos Street, 6023 Larnaca, Cyprus<br>Website: <a href=\"https:\/\/www.hostinger.fr\/\" target=\"_self\">https:\/\/www.hostinger.fr\n<\/a><br>Phone: +33 970 730 261<\/p>\n\n\n\n<h2 class=\"wp-block-heading\"><strong>3. Intellectual property<\/strong><\/h2>\n\n\n\n<p class=\"translation-block\">All content on the <strong>TEK ETANCHEITE<\/strong> website \u2014 including texts, images, photographs, graphics, logos, videos, icons, downloadable files, and the overall structure of the site \u2014 is the exclusive property of <strong>TEK ETANCHEITE<\/strong>, unless otherwise stated.<\/p>\n\n\n\n<p class=\"translation-block\">Any reproduction, representation, modification, adaptation, publication, or exploitation, whether total or partial, of these elements by any means whatsoever, without the prior written authorization of <strong>TEK ETANCHEITE<\/strong>, is strictly prohibited and constitutes an infringement within the meaning of Articles L.335-2 and following of the <strong>French Intellectual Property Code<\/strong>.<\/p>\n\n\n\n<h2 class=\"wp-block-heading\"><strong>4. Liability<\/strong><\/h2>\n\n\n\n<p class=\"translation-block\"><strong>TEK ETANCHEITE<\/strong> strives to ensure the reliability, accuracy, and up-to-date nature of the information published on this website.<br>However, errors or omissions may occur. The user is solely responsible for the use of the information provided.<\/p>\n\n\n\n<p class=\"translation-block\">The website may contain links to other sites over which <strong>TEK ETANCHEITE<\/strong> has no control. The company disclaims all responsibility for the content of these third-party sites.<\/p>\n\n\n\n<h2 class=\"wp-block-heading\"><strong>5. Personal data and privacy<\/strong><\/h2>\n\n\n\n<p class=\"translation-block\">The processing of personal data collected on this website is carried out in accordance with the <strong>General Data Protection Regulation (GDPR)<\/strong> and the <strong>French Data Protection Act<\/strong>.<\/p>\n\n\n\n<p class=\"translation-block\">To learn more about the collection, processing, and protection of your data, please refer to our <strong><a href=\"https:\/\/teketancheite.com\/en\/politique-de-confidentialite\/\" target=\"_self\">Privacy Policy<\/a><\/strong>.<\/p>\n\n\n\n<h2 class=\"wp-block-heading\"><strong>6. Cookies<\/strong><\/h2>\n\n\n\n<p class=\"translation-block\">The <strong>TEK ETANCHEITE<\/strong> website uses cookies to enhance browsing and user experience.<br>Details regarding the use, management, and configuration of cookies are available on the <strong><a href=\"https:\/\/teketancheite.com\/en\/politique-de-cookies-ue\/\" target=\"_self\">Cookie Policy<\/a><\/strong> page.<\/p>\n\n\n\n<h2 class=\"wp-block-heading\"><strong>7. Terms of use<\/strong><\/h2>\n\n\n\n<p class=\"translation-block\">Access to and use of the website imply full acceptance of the <strong><a href=\"https:\/\/teketancheite.com\/en\/conditions-generales-utilisation\/\" target=\"_self\">Terms of Use <\/a><\/strong>.<\/p>\n\n\n\n<h2 class=\"wp-block-heading\"><strong>8. Contact<\/strong><\/h2>\n\n\n\n<p>Pour toute question concernant le site ou son contenu, vous pouvez contacter :<br>\ud83d\udce7 <strong><a href=\"mailto:contact@teketancheite.com\">contact@teketancheite.com<\/a><\/strong><br>\ud83d\udcde <strong>0<\/strong>7 43 50 78 19<\/p>\n\n\n\n<p><\/p>","protected":false},"excerpt":{"rendered":"<p>1. Informations g\u00e9n\u00e9rales Le site https:\/\/teketancheite.com est \u00e9dit\u00e9 par : TEK ETANCHEITESARL au capital de 140 000,00 \u20acSi\u00e8ge social : 54 Avenue Victor Hugo, 94600 Choisy-le-Roi, FranceT\u00e9l\u00e9phone : 07 43 50 78 19Email : bureauetudes.tek@gmail.com Directeur de la publication : HCAResponsable de la r\u00e9daction : HCA 2. H\u00e9bergement Le site est h\u00e9berg\u00e9 par : Hostinger [&hellip;]<\/p>","protected":false},"author":1,"featured_media":0,"parent":0,"menu_order":0,"comment_status":"closed","ping_status":"closed","template":"","meta":{"footnotes":""},"class_list":["post-38","page","type-page","status-publish","hentry"],"yoast_head":"<!-- This site is optimized with the Yoast SEO plugin v26.8 - https:\/\/yoast.com\/product\/yoast-seo-wordpress\/ -->\n<title>Mentions l\u00e9gales - TEK ETANCHEITE<\/title>\n<meta name=\"robots\" content=\"noindex, follow\" \/>\n<meta property=\"og:locale\" content=\"en_US\" \/>\n<meta property=\"og:type\" content=\"article\" \/>\n<meta property=\"og:title\" content=\"Mentions l\u00e9gales - TEK ETANCHEITE\" \/>\n<meta property=\"og:description\" content=\"1. Informations g\u00e9n\u00e9rales Le site https:\/\/teketancheite.com est \u00e9dit\u00e9 par : TEK ETANCHEITESARL au capital de 140 000,00 \u20acSi\u00e8ge social : 54 Avenue Victor Hugo, 94600 Choisy-le-Roi, FranceT\u00e9l\u00e9phone : 07 43 50 78 19Email : bureauetudes.tek@gmail.com Directeur de la publication : HCAResponsable de la r\u00e9daction : HCA 2. H\u00e9bergement Le site est h\u00e9berg\u00e9 par : Hostinger [&hellip;]\" \/>\n<meta property=\"og:url\" content=\"https:\/\/teketancheite.com\/en\/mentions-legales\/\" \/>\n<meta property=\"og:site_name\" content=\"TEK ETANCHEITE\" \/>\n<meta property=\"article:modified_time\" content=\"2025-11-14T03:23:26+00:00\" \/>\n<meta name=\"twitter:card\" content=\"summary_large_image\" \/>\n<meta name=\"twitter:label1\" content=\"Est. reading time\" \/>\n\t<meta name=\"twitter:data1\" content=\"2 minutes\" \/>\n<script type=\"application\/ld+json\" class=\"yoast-schema-graph\">{\"@context\":\"https:\/\/schema.org\",\"@graph\":[{\"@type\":\"WebPage\",\"@id\":\"https:\/\/teketancheite.com\/mentions-legales\/\",\"url\":\"https:\/\/teketancheite.com\/mentions-legales\/\",\"name\":\"Mentions l\u00e9gales - TEK ETANCHEITE\",\"isPartOf\":{\"@id\":\"https:\/\/teketancheite.com\/#website\"},\"datePublished\":\"2025-10-23T18:38:30+00:00\",\"dateModified\":\"2025-11-14T03:23:26+00:00\",\"breadcrumb\":{\"@id\":\"https:\/\/teketancheite.com\/mentions-legales\/#breadcrumb\"},\"inLanguage\":\"en-US\",\"potentialAction\":[{\"@type\":\"ReadAction\",\"target\":[\"https:\/\/teketancheite.com\/mentions-legales\/\"]}]},{\"@type\":\"BreadcrumbList\",\"@id\":\"https:\/\/teketancheite.com\/mentions-legales\/#breadcrumb\",\"itemListElement\":[{\"@type\":\"ListItem\",\"position\":1,\"name\":\"Accueil\",\"item\":\"https:\/\/teketancheite.com\/\"},{\"@type\":\"ListItem\",\"position\":2,\"name\":\"Mentions l\u00e9gales\"}]},{\"@type\":\"WebSite\",\"@id\":\"https:\/\/teketancheite.com\/#website\",\"url\":\"https:\/\/teketancheite.com\/\",\"name\":\"TEK ETANCHEITE\",\"description\":\"Nous vous prot\u00e9geons du temps\",\"publisher\":{\"@id\":\"https:\/\/teketancheite.com\/#organization\"},\"potentialAction\":[{\"@type\":\"SearchAction\",\"target\":{\"@type\":\"EntryPoint\",\"urlTemplate\":\"https:\/\/teketancheite.com\/?s={search_term_string}\"},\"query-input\":{\"@type\":\"PropertyValueSpecification\",\"valueRequired\":true,\"valueName\":\"search_term_string\"}}],\"inLanguage\":\"en-US\"},{\"@type\":\"Organization\",\"@id\":\"https:\/\/teketancheite.com\/#organization\",\"name\":\"TEK ETANCHEITE\",\"url\":\"https:\/\/teketancheite.com\/\",\"logo\":{\"@type\":\"ImageObject\",\"inLanguage\":\"en-US\",\"@id\":\"https:\/\/teketancheite.com\/#\/schema\/logo\/image\/\",\"url\":\"https:\/\/teketancheite.com\/wp-content\/uploads\/2025\/10\/frame-scaled.png\",\"contentUrl\":\"https:\/\/teketancheite.com\/wp-content\/uploads\/2025\/10\/frame-scaled.png\",\"width\":2560,\"height\":549,\"caption\":\"TEK ETANCHEITE\"},\"image\":{\"@id\":\"https:\/\/teketancheite.com\/#\/schema\/logo\/image\/\"}}]}<\/script>\n<!-- \/ Yoast SEO plugin. -->","yoast_head_json":{"title":"Mentions l\u00e9gales - TEK ETANCHEITE","robots":{"index":"noindex","follow":"follow"},"og_locale":"en_US","og_type":"article","og_title":"Mentions l\u00e9gales - TEK ETANCHEITE","og_description":"1. Informations g\u00e9n\u00e9rales Le site https:\/\/teketancheite.com est \u00e9dit\u00e9 par : TEK ETANCHEITESARL au capital de 140 000,00 \u20acSi\u00e8ge social : 54 Avenue Victor Hugo, 94600 Choisy-le-Roi, FranceT\u00e9l\u00e9phone : 07 43 50 78 19Email : bureauetudes.tek@gmail.com Directeur de la publication : HCAResponsable de la r\u00e9daction : HCA 2. H\u00e9bergement Le site est h\u00e9berg\u00e9 par : Hostinger [&hellip;]","og_url":"https:\/\/teketancheite.com\/en\/mentions-legales\/","og_site_name":"TEK ETANCHEITE","article_modified_time":"2025-11-14T03:23:26+00:00","twitter_card":"summary_large_image","twitter_misc":{"Est. reading time":"2 minutes"},"schema":{"@context":"https:\/\/schema.org","@graph":[{"@type":"WebPage","@id":"https:\/\/teketancheite.com\/mentions-legales\/","url":"https:\/\/teketancheite.com\/mentions-legales\/","name":"Mentions l\u00e9gales - TEK ETANCHEITE","isPartOf":{"@id":"https:\/\/teketancheite.com\/#website"},"datePublished":"2025-10-23T18:38:30+00:00","dateModified":"2025-11-14T03:23:26+00:00","breadcrumb":{"@id":"https:\/\/teketancheite.com\/mentions-legales\/#breadcrumb"},"inLanguage":"en-US","potentialAction":[{"@type":"ReadAction","target":["https:\/\/teketancheite.com\/mentions-legales\/"]}]},{"@type":"BreadcrumbList","@id":"https:\/\/teketancheite.com\/mentions-legales\/#breadcrumb","itemListElement":[{"@type":"ListItem","position":1,"name":"Accueil","item":"https:\/\/teketancheite.com\/"},{"@type":"ListItem","position":2,"name":"Mentions l\u00e9gales"}]},{"@type":"WebSite","@id":"https:\/\/teketancheite.com\/#website","url":"https:\/\/teketancheite.com\/","name":"TEK ETANCHEITE","description":"Nous vous prot\u00e9geons du temps","publisher":{"@id":"https:\/\/teketancheite.com\/#organization"},"potentialAction":[{"@type":"SearchAction","target":{"@type":"EntryPoint","urlTemplate":"https:\/\/teketancheite.com\/?s={search_term_string}"},"query-input":{"@type":"PropertyValueSpecification","valueRequired":true,"valueName":"search_term_string"}}],"inLanguage":"en-US"},{"@type":"Organization","@id":"https:\/\/teketancheite.com\/#organization","name":"TEK ETANCHEITE","url":"https:\/\/teketancheite.com\/","logo":{"@type":"ImageObject","inLanguage":"en-US","@id":"https:\/\/teketancheite.com\/#\/schema\/logo\/image\/","url":"https:\/\/teketancheite.com\/wp-content\/uploads\/2025\/10\/frame-scaled.png","contentUrl":"https:\/\/teketancheite.com\/wp-content\/uploads\/2025\/10\/frame-scaled.png","width":2560,"height":549,"caption":"TEK ETANCHEITE"},"image":{"@id":"https:\/\/teketancheite.com\/#\/schema\/logo\/image\/"}}]}},"_links":{"self":[{"href":"https:\/\/teketancheite.com\/en\/wp-json\/wp\/v2\/pages\/38","targetHints":{"allow":["GET"]}}],"collection":[{"href":"https:\/\/teketancheite.com\/en\/wp-json\/wp\/v2\/pages"}],"about":[{"href":"https:\/\/teketancheite.com\/en\/wp-json\/wp\/v2\/types\/page"}],"author":[{"embeddable":true,"href":"https:\/\/teketancheite.com\/en\/wp-json\/wp\/v2\/users\/1"}],"replies":[{"embeddable":true,"href":"https:\/\/teketancheite.com\/en\/wp-json\/wp\/v2\/comments?post=38"}],"version-history":[{"count":5,"href":"https:\/\/teketancheite.com\/en\/wp-json\/wp\/v2\/pages\/38\/revisions"}],"predecessor-version":[{"id":1038,"href":"https:\/\/teketancheite.com\/en\/wp-json\/wp\/v2\/pages\/38\/revisions\/1038"}],"wp:attachment":[{"href":"https:\/\/teketancheite.com\/en\/wp-json\/wp\/v2\/media?parent=38"}],"curies":[{"name":"wp","href":"https:\/\/api.w.org\/{rel}","templated":true}]}}